{"id":117,"date":"2018-04-05T15:41:37","date_gmt":"2018-04-05T13:41:37","guid":{"rendered":"http:\/\/luwa-dienstleistung.de\/?page_id=117"},"modified":"2018-11-09T13:47:20","modified_gmt":"2018-11-09T12:47:20","slug":"referenzen","status":"publish","type":"page","link":"https:\/\/luwa-dienstleistung.de\/?page_id=117","title":{"rendered":"PHILOSOPHIE"},"content":{"rendered":"<h1 style=\"text-align: center;\"><strong>UNTERNEHMENSKULTUR \/ PHILOSOPHIE<\/strong><\/h1>\n<h2 style=\"text-align: center;\"><strong>Wir sind anders!<\/strong><\/h2>\n<p style=\"text-align: center;\">Mit unseren Haushaltshilfen bieten wir unseren Kunden als kompetentes Dienstleistungsunternehmen eine ma\u00dfgeschneiderte Leistung. Die Umsetzung bedarf innovativer Konzepte und Ideen.<\/p>\n<p style=\"text-align: center;\">Wir wissen, dass dies nur durch zukunftsorientierte Perspektiven und die vielf\u00e4ltigen Talente unserer Mitarbeiter umzusetzen ist.<\/p>\n<p>&nbsp;<\/p>\n<h1><strong>UNSERE MITARBEITER SIND DAS AUSH\u00c4NGESCHILD UNSERES UNTERNEHMENS!<\/strong><\/h1>\n<ul>\n<li>Wir \u00fcbernehmen Verantwortung f\u00fcr unsere Mitarbeiter und schaffen die Rahmenbedingungen f\u00fcr eine au\u00dfergew\u00f6hnliche Kundenleistung durch unsere Haushalts-Talente.<\/li>\n<li>Wir vertrauen unseren Mitarbeitern in jeder Beziehung und begegnen ihnen mit der klaren Aussage, dass sie f\u00fcr unser Unternehmen besonders wichtig sind.<\/li>\n<li>Wir verstehen vielseitige Pers\u00f6nlichkeiten, f\u00fcr die selbst\u00e4ndiges Arbeiten Freude bereitet und sehen Ideen und Meinungen als St\u00e4rke.<\/li>\n<li>Wir sind absolut zuverl\u00e4ssig; daran k\u00f6nnen sich unsere Mitarbeiter und Kunden orientieren.<\/li>\n<\/ul>\n<h1><strong>WIR WOLLEN UNSERE KUNDEN BEGEISTERN!<\/strong><\/h1>\n<ul>\n<li>Wir erzielen nachhaltige Ergebnisse mit hoher Qualit\u00e4t.<\/li>\n<li>Wir treffen verbindliche Aussagen und gestalten unseren Leistungsprozess transparent.<\/li>\n<li>Wir vereinen Haushalts-Talente mit unterschiedlicher Erfahrung, um ma\u00dfgeschneiderte Leistungen zu generieren.<\/li>\n<li>Vertrauen und Partnerschaftlichkeit verstehen wir als Fundament guter Kundenbeziehungen.<\/li>\n<\/ul>\n","protected":false},"excerpt":{"rendered":"<p>UNTERNEHMENSKULTUR \/ PHILOSOPHIE Wir sind anders! Mit unseren Haushaltshilfen bieten wir unseren Kunden als kompetentes Dienstleistungsunternehmen eine ma\u00dfgeschneiderte Leistung. Die Umsetzung bedarf innovativer Konzepte und Ideen. Wir wissen, dass dies nur durch zukunftsorientierte Perspektiven und die vielf\u00e4ltigen Talente unserer Mitarbeiter umzusetzen ist. &nbsp; UNSERE MITARBEITER SIND DAS AUSH\u00c4NGESCHILD UNSERES UNTERNEHMENS! Wir \u00fcbernehmen Verantwortung f\u00fcr unsere &hellip; <\/p>\n<p class=\"link-more\"><a href=\"https:\/\/luwa-dienstleistung.de\/?page_id=117\" class=\"more-link\"><span class=\"screen-reader-text\">\u201ePHILOSOPHIE\u201c<\/span> weiterlesen<\/a><\/p>\n","protected":false},"author":1,"featured_media":0,"parent":0,"menu_order":0,"comment_status":"closed","ping_status":"closed","template":"","meta":{"_mi_skip_tracking":false,"_exactmetrics_sitenote_active":false,"_exactmetrics_sitenote_note":"","_exactmetrics_sitenote_category":0,"footnotes":""},"_links":{"self":[{"href":"https:\/\/luwa-dienstleistung.de\/index.php?rest_route=\/wp\/v2\/pages\/117"}],"collection":[{"href":"https:\/\/luwa-dienstleistung.de\/index.php?rest_route=\/wp\/v2\/pages"}],"about":[{"href":"https:\/\/luwa-dienstleistung.de\/index.php?rest_route=\/wp\/v2\/types\/page"}],"author":[{"embeddable":true,"href":"https:\/\/luwa-dienstleistung.de\/index.php?rest_route=\/wp\/v2\/users\/1"}],"replies":[{"embeddable":true,"href":"https:\/\/luwa-dienstleistung.de\/index.php?rest_route=%2Fwp%2Fv2%2Fcomments&post=117"}],"version-history":[{"count":3,"href":"https:\/\/luwa-dienstleistung.de\/index.php?rest_route=\/wp\/v2\/pages\/117\/revisions"}],"predecessor-version":[{"id":231,"href":"https:\/\/luwa-dienstleistung.de\/index.php?rest_route=\/wp\/v2\/pages\/117\/revisions\/231"}],"wp:attachment":[{"href":"https:\/\/luwa-dienstleistung.de\/index.php?rest_route=%2Fwp%2Fv2%2Fmedia&parent=117"}],"curies":[{"name":"wp","href":"https:\/\/api.w.org\/{rel}","templated":true}]}}