{"id":187,"date":"2018-11-07T15:25:29","date_gmt":"2018-11-07T14:25:29","guid":{"rendered":"http:\/\/luwa-dienstleistung.de\/?page_id=187"},"modified":"2018-12-05T15:23:45","modified_gmt":"2018-12-05T14:23:45","slug":"home-2","status":"publish","type":"page","link":"https:\/\/luwa-dienstleistung.de\/","title":{"rendered":"HOME"},"content":{"rendered":"<h2 style=\"text-align: center;\">HERZLICH WILLKOMMEN !<br \/>\nWIR FREUEN UNS, DASS SIE UNS BESUCHEN !<\/h2>\n<p><img decoding=\"async\" loading=\"lazy\" class=\"alignleft size-medium wp-image-53\" src=\"https:\/\/luwa-dienstleistung.de\/wp-content\/uploads\/2018\/04\/image-300x300.jpg\" alt=\"\" width=\"300\" height=\"300\" srcset=\"https:\/\/luwa-dienstleistung.de\/wp-content\/uploads\/2018\/04\/image-300x300.jpg 300w, https:\/\/luwa-dienstleistung.de\/wp-content\/uploads\/2018\/04\/image-150x150.jpg 150w, https:\/\/luwa-dienstleistung.de\/wp-content\/uploads\/2018\/04\/image-768x767.jpg 768w, https:\/\/luwa-dienstleistung.de\/wp-content\/uploads\/2018\/04\/image.jpg 964w\" sizes=\"(max-width: 300px) 100vw, 300px\" \/><\/p>\n<p>&nbsp;<\/p>\n<p>&nbsp;<\/p>\n<p>&nbsp;<\/p>\n<p><strong>Mein Name ist Luis Wagner<\/strong>,<\/p>\n<p>nach langj\u00e4hriger T\u00e4tigkeit in einem gro\u00dfen \u00fcberregionalen Reinigungsunternehmen habe ich mich entschlossen das Unternehmen LUWA-Dienstleistung zu gr\u00fcnden.<\/p>\n<p>Es gibt viele Gr\u00fcnde, sich bei Bedarf an Unterst\u00fctzung im Haushalt f\u00fcr einen Dienstleister zu entscheiden, denn Sie vermeiden hohen Zeit- und Kostenaufwand und schlie\u00dfen diverse Risiken aus, erhalten erhebliche Sicherheiten, werden durch sorgf\u00e4ltig ausgew\u00e4hlte und geschulte Mitarbeiter betreut; zudem erhalten Sie Rechnungen, bei deren Angabe und Vorlage Sie 20% Kostenerstattung\u00a0 im Rahmen Ihrer Einkommensteuer-Erkl\u00e4rung erhalten (\u00a7 35a EStG; Erstattung max. j\u00e4hrlich \u20ac 4.000.-).<\/p>\n<p>Wir rechnen auch mit Ihrer Krankenkasse ab.<\/p>\n","protected":false},"excerpt":{"rendered":"<p>HERZLICH WILLKOMMEN ! WIR FREUEN UNS, DASS SIE UNS BESUCHEN ! &nbsp; &nbsp; &nbsp; Mein Name ist Luis Wagner, nach langj\u00e4hriger T\u00e4tigkeit in einem gro\u00dfen \u00fcberregionalen Reinigungsunternehmen habe ich mich entschlossen das Unternehmen LUWA-Dienstleistung zu gr\u00fcnden. Es gibt viele Gr\u00fcnde, sich bei Bedarf an Unterst\u00fctzung im Haushalt f\u00fcr einen Dienstleister zu entscheiden, denn Sie vermeiden &hellip; <\/p>\n<p class=\"link-more\"><a href=\"https:\/\/luwa-dienstleistung.de\/\" class=\"more-link\"><span class=\"screen-reader-text\">\u201eHOME\u201c<\/span> weiterlesen<\/a><\/p>\n","protected":false},"author":1,"featured_media":0,"parent":0,"menu_order":0,"comment_status":"closed","ping_status":"closed","template":"","meta":{"_mi_skip_tracking":false,"_exactmetrics_sitenote_active":false,"_exactmetrics_sitenote_note":"","_exactmetrics_sitenote_category":0,"footnotes":""},"_links":{"self":[{"href":"https:\/\/luwa-dienstleistung.de\/index.php?rest_route=\/wp\/v2\/pages\/187"}],"collection":[{"href":"https:\/\/luwa-dienstleistung.de\/index.php?rest_route=\/wp\/v2\/pages"}],"about":[{"href":"https:\/\/luwa-dienstleistung.de\/index.php?rest_route=\/wp\/v2\/types\/page"}],"author":[{"embeddable":true,"href":"https:\/\/luwa-dienstleistung.de\/index.php?rest_route=\/wp\/v2\/users\/1"}],"replies":[{"embeddable":true,"href":"https:\/\/luwa-dienstleistung.de\/index.php?rest_route=%2Fwp%2Fv2%2Fcomments&post=187"}],"version-history":[{"count":6,"href":"https:\/\/luwa-dienstleistung.de\/index.php?rest_route=\/wp\/v2\/pages\/187\/revisions"}],"predecessor-version":[{"id":253,"href":"https:\/\/luwa-dienstleistung.de\/index.php?rest_route=\/wp\/v2\/pages\/187\/revisions\/253"}],"wp:attachment":[{"href":"https:\/\/luwa-dienstleistung.de\/index.php?rest_route=%2Fwp%2Fv2%2Fmedia&parent=187"}],"curies":[{"name":"wp","href":"https:\/\/api.w.org\/{rel}","templated":true}]}}