{"id":219,"date":"2018-11-09T13:45:28","date_gmt":"2018-11-09T12:45:28","guid":{"rendered":"http:\/\/luwa-dienstleistung.de\/?page_id=219"},"modified":"2018-11-09T13:45:28","modified_gmt":"2018-11-09T12:45:28","slug":"jobs","status":"publish","type":"page","link":"https:\/\/luwa-dienstleistung.de\/?page_id=219","title":{"rendered":"JOBS"},"content":{"rendered":"<h1 style=\"text-align: center;\"><strong>JOBS F\u00dcR HAUSHALTSHILFEN<\/strong><\/h1>\n<h3 style=\"text-align: center;\">Im folgenden informieren wir Sie \u00fcber offene Jobs im Unternehmen.<\/h3>\n<ul>\n<li style=\"text-align: center;\">Haushaltshilfen auf 450\u20ac Basis und Teilzeit.<\/li>\n<\/ul>\n<p>&nbsp;<\/p>\n<p>Wir sch\u00e4tzen Vielfalt und Erfahrung, Zuverl\u00e4ssigkeit, Ehrlichkeit und Verantwortungsbewu\u00dftsein.<\/p>\n<p>Alter und erlernter Beruf sind nicht entscheidend, von Bedeutung ist jedoch Freude an Hausarbeit, ein F\u00fchrerschein Klasse B, der Besitz eines PKW und zeitliche Flexibilit\u00e4t.<\/p>\n<h4 style=\"text-align: center;\">Fordern Sie \u00fcber unser Kontaktformular unseren Personalfragebogen an<\/h4>\n<h3 style=\"text-align: center;\"><a href=\"mailto:info@luwa-dienstleistung.de\">info@luwa-dienstleistung.de<\/a><\/h3>\n","protected":false},"excerpt":{"rendered":"<p>JOBS F\u00dcR HAUSHALTSHILFEN Im folgenden informieren wir Sie \u00fcber offene Jobs im Unternehmen. Haushaltshilfen auf 450\u20ac Basis und Teilzeit. &nbsp; Wir sch\u00e4tzen Vielfalt und Erfahrung, Zuverl\u00e4ssigkeit, Ehrlichkeit und Verantwortungsbewu\u00dftsein. Alter und erlernter Beruf sind nicht entscheidend, von Bedeutung ist jedoch Freude an Hausarbeit, ein F\u00fchrerschein Klasse B, der Besitz eines PKW und zeitliche Flexibilit\u00e4t. Fordern &hellip; <\/p>\n<p class=\"link-more\"><a href=\"https:\/\/luwa-dienstleistung.de\/?page_id=219\" class=\"more-link\"><span class=\"screen-reader-text\">\u201eJOBS\u201c<\/span> weiterlesen<\/a><\/p>\n","protected":false},"author":1,"featured_media":223,"parent":0,"menu_order":0,"comment_status":"closed","ping_status":"closed","template":"","meta":{"_mi_skip_tracking":false,"_exactmetrics_sitenote_active":false,"_exactmetrics_sitenote_note":"","_exactmetrics_sitenote_category":0,"footnotes":""},"_links":{"self":[{"href":"https:\/\/luwa-dienstleistung.de\/index.php?rest_route=\/wp\/v2\/pages\/219"}],"collection":[{"href":"https:\/\/luwa-dienstleistung.de\/index.php?rest_route=\/wp\/v2\/pages"}],"about":[{"href":"https:\/\/luwa-dienstleistung.de\/index.php?rest_route=\/wp\/v2\/types\/page"}],"author":[{"embeddable":true,"href":"https:\/\/luwa-dienstleistung.de\/index.php?rest_route=\/wp\/v2\/users\/1"}],"replies":[{"embeddable":true,"href":"https:\/\/luwa-dienstleistung.de\/index.php?rest_route=%2Fwp%2Fv2%2Fcomments&post=219"}],"version-history":[{"count":4,"href":"https:\/\/luwa-dienstleistung.de\/index.php?rest_route=\/wp\/v2\/pages\/219\/revisions"}],"predecessor-version":[{"id":226,"href":"https:\/\/luwa-dienstleistung.de\/index.php?rest_route=\/wp\/v2\/pages\/219\/revisions\/226"}],"wp:featuredmedia":[{"embeddable":true,"href":"https:\/\/luwa-dienstleistung.de\/index.php?rest_route=\/wp\/v2\/media\/223"}],"wp:attachment":[{"href":"https:\/\/luwa-dienstleistung.de\/index.php?rest_route=%2Fwp%2Fv2%2Fmedia&parent=219"}],"curies":[{"name":"wp","href":"https:\/\/api.w.org\/{rel}","templated":true}]}}