{"id":257,"date":"2022-05-01T14:44:02","date_gmt":"2022-05-01T12:44:02","guid":{"rendered":"https:\/\/luwa-dienstleistung.de\/?page_id=257"},"modified":"2022-05-01T14:47:17","modified_gmt":"2022-05-01T12:47:17","slug":"neu-bei-uns-erhaeltlich","status":"publish","type":"page","link":"https:\/\/luwa-dienstleistung.de\/?page_id=257","title":{"rendered":"! Neu bei uns Erh\u00e4ltlich !"},"content":{"rendered":"\n<figure class=\"wp-block-gallery aligncenter columns-1 is-cropped wp-block-gallery-1 is-layout-flex wp-block-gallery-is-layout-flex\"><ul class=\"blocks-gallery-grid\"><li class=\"blocks-gallery-item\"><figure><img decoding=\"async\" loading=\"lazy\" width=\"1024\" height=\"685\" src=\"https:\/\/luwa-dienstleistung.de\/wp-content\/uploads\/2022\/04\/Tuch-1-1024x685.jpg\" alt=\"\" data-id=\"258\" data-full-url=\"https:\/\/luwa-dienstleistung.de\/wp-content\/uploads\/2022\/04\/Tuch-1.jpg\" data-link=\"https:\/\/luwa-dienstleistung.de\/?attachment_id=258\" class=\"wp-image-258\" srcset=\"https:\/\/luwa-dienstleistung.de\/wp-content\/uploads\/2022\/04\/Tuch-1-1024x685.jpg 1024w, https:\/\/luwa-dienstleistung.de\/wp-content\/uploads\/2022\/04\/Tuch-1-300x201.jpg 300w, https:\/\/luwa-dienstleistung.de\/wp-content\/uploads\/2022\/04\/Tuch-1-768x513.jpg 768w, https:\/\/luwa-dienstleistung.de\/wp-content\/uploads\/2022\/04\/Tuch-1-1536x1027.jpg 1536w, https:\/\/luwa-dienstleistung.de\/wp-content\/uploads\/2022\/04\/Tuch-1-2048x1369.jpg 2048w\" sizes=\"(max-width: 706px) 89vw, (max-width: 767px) 82vw, 740px\" \/><figcaption class=\"blocks-gallery-item__caption\">Cooper+ Mikrofasertuch<\/figcaption><\/figure><\/li><\/ul><\/figure>\n\n\n\n<p><strong>Copper+&nbsp;Microfaser-Reinigungsprodukte entfernen Schmutz aber auch Viren und Bakterien.<\/strong><\/p>\n\n\n\n<ul><li>Reinigt und desinfiziert (1)<\/li><li>Superkraft durch&nbsp;Kupfer<\/li><li>Von renommierten Labors gepr\u00fcft und best\u00e4tigt<\/li><\/ul>\n\n\n\n<ul><li>Ohne Desinfektionschemie \u2013 dem Mensch und der Umwelt zuliebe<\/li><li>Kostensparend und einfach<\/li><li>In \u00d6sterreich entwickelt und hergestellt<\/li><\/ul>\n\n\n\n<div class=\"wp-block-image\"><figure class=\"alignright\"><img decoding=\"async\" src=\"https:\/\/www.putz-tuch.de\/wp-content\/uploads\/2020\/11\/superman_c.jpg\" alt=\"Copper+ wirkt auch beim Corona Virus\" class=\"wp-image-49\"\/><\/figure><\/div>\n\n\n\n<p class=\"has-text-align-center\">Die&nbsp;Copper+&nbsp;Reinigungst\u00fccher von Rezi wirken durch die Kupferpigmente&nbsp;<strong>antiviral und<\/strong> <strong>antibakteriell<\/strong>&nbsp;ohne Zusatz von Desinfektionsmittel. <\/p>\n\n\n\n<p class=\"has-text-align-center\"> <strong>100% <\/strong>  <strong>WASSER<\/strong>  <\/p>\n\n\n\n<p class=\"has-text-align-center\">Durch einfaches, feuchtes Wischen mit unseren&nbsp;Copper+&nbsp;T\u00fcchern werden Schmutz, Viren und Bakterien von den Oberfl\u00e4chen entfernt. In einem Arbeitsschritt werden saubere und hygienische Oberfl\u00e4chen hinterlassen. Beim Einsatz von Desinfektionschemie m\u00fcssen vor der Desinfektion die Oberfl\u00e4chen vom Schmutz gereinigt werden. Und nach der Desinfektion verbleibt auf den Oberfl\u00e4chen die Desinfektionschemie, die man eigentlich in einem dritten Schritt wieder entfernen sollte.  <\/p>\n\n\n\n<h4 class=\"has-text-align-center wp-block-heading\"> 99.9%  &nbsp;&nbsp;BAKTERIEN &amp; VIREN <\/h4>\n\n\n\n<p class=\"has-text-align-center\"> \u00dcber 99,9% der von den&nbsp;Copper+&nbsp;Reinigungst\u00fccher aufgefangenen und festgehaltenen Viren und Bakterien werden in k\u00fcrzester Zeit inaktiviert und nicht mehr weitergegeben. Die gro\u00dfe Gefahr der Keimverschleppung bei der Reinigung ist damit deutlich reduziert. Ebenso k\u00f6nnen sich die Viren und Bakterien bei Liegezeiten der T\u00fccher nicht mehr vermehren. <\/p>\n\n\n\n<p> <\/p>\n\n\n\n<h4 class=\"has-text-align-center wp-block-heading\"> 0%  &nbsp;DESINFKTIONSMITTEL NOTWENDIG&nbsp;  <\/h4>\n\n\n\n<h4 class=\"has-text-align-center wp-block-heading\">&nbsp;&nbsp;<strong>&nbsp; Dank der Reinigungskraft der Microfasern und der Veredelung mit Kupferpigmenten reinigen die&nbsp;Copper+&nbsp;T\u00fccher nur mit Wasser ohne jegliche Desinfektionschemie. Umweltbewusste, kosteng\u00fcnstige und einfache Reinigung und Hygiene mit einem Wisch. <\/strong><\/h4>\n\n\n\n<p><strong><canvas width=\"247\" height=\"247\"><\/strong><\/p>\n\n\n\n<h4 class=\"has-text-align-center wp-block-heading\"> <strong>Copper+&nbsp;Produkte reinigen kratzfrei und sind f\u00fcr s\u00e4mtliche Oberfl\u00e4chen geeignet.<\/strong> <\/h4>\n\n\n\n<h4 class=\"wp-block-heading\"><\/h4>\n\n\n\n<p class=\"has-text-align-center\"><strong>Fl\u00e4chenleistung mit einem&nbsp;Copper+&nbsp;Tuch bis zu 10 qm.<\/strong><\/p>\n\n\n\n<p class=\"has-text-align-center\">Anschlie\u00dfend mit Wasser auswaschen und wiederverwenden. Bis zu 100 mal in der Waschmaschine waschbar.<\/p>\n\n\n\n<h2 class=\"has-text-align-center wp-block-heading\"><strong>F\u00fcr eine optimale Wirkung die T\u00fccher immer angefeuchtet oder feucht verwenden.<\/strong><\/h2>\n\n\n\n<p class=\"has-text-align-center\">Die&nbsp;Copper+&nbsp;Reinigungst\u00fccher sind f\u00fcr s\u00e4mtliche Oberfl\u00e4chen, wie z.B. Tische, St\u00fchle, K\u00fcchenoberfl\u00e4chen, Handl\u00e4ufe, T\u00fcrgriffe, Armaturen, elektronische Ger\u00e4te, Sportger\u00e4te, etc. geeignet.<\/p>\n\n\n\n<p class=\"has-text-align-center\"><strong>Waschanleitung!<\/strong><\/p>\n\n\n\n<p class=\"has-text-align-center\">In der Waschmaschine keinen Weichsp\u00fcler und keine s\u00e4urehaltigen Waschmittel verwenden. Waschbar bis 60\u00b0C. Keinen Trockner verwenden.<\/p>\n\n\n\n<p class=\"has-text-align-center\"><strong>Bitte beachten!<\/strong><\/p>\n\n\n\n<p class=\"has-text-align-center\">Keine s\u00e4urehaltigen Reinigungsmittel (pH-Wert unter 7) verwenden. Diese zerst\u00f6ren das Kupfer und damit die Wirkung von&nbsp;Copper+. S\u00e4urehaltige Reinigungsmittel sind z.B. Kalkreiniger, WC-Reiniger. Die Verwendung von neutralen und alkalischen Reinigungsmitteln ist m\u00f6glich, aber nicht notwendig.<\/p>\n\n\n\n<div class=\"wp-block-image\"><figure class=\"aligncenter size-full\"><img decoding=\"async\" loading=\"lazy\" width=\"600\" height=\"600\" src=\"https:\/\/luwa-dienstleistung.de\/wp-content\/uploads\/2022\/05\/IMG_9041_rezi_reinigungstuch_spielzeug_copper-plus-600x600-1.jpg\" alt=\"\" class=\"wp-image-264\" srcset=\"https:\/\/luwa-dienstleistung.de\/wp-content\/uploads\/2022\/05\/IMG_9041_rezi_reinigungstuch_spielzeug_copper-plus-600x600-1.jpg 600w, https:\/\/luwa-dienstleistung.de\/wp-content\/uploads\/2022\/05\/IMG_9041_rezi_reinigungstuch_spielzeug_copper-plus-600x600-1-300x300.jpg 300w, https:\/\/luwa-dienstleistung.de\/wp-content\/uploads\/2022\/05\/IMG_9041_rezi_reinigungstuch_spielzeug_copper-plus-600x600-1-150x150.jpg 150w, https:\/\/luwa-dienstleistung.de\/wp-content\/uploads\/2022\/05\/IMG_9041_rezi_reinigungstuch_spielzeug_copper-plus-600x600-1-100x100.jpg 100w\" sizes=\"(max-width: 600px) 100vw, 600px\" \/><figcaption><strong>Spielzeug reinigen ohne Chemie<\/strong><\/figcaption><\/figure><\/div>\n\n\n\n<p class=\"has-text-align-center\">Spielzeug hygienisch reinigen ohne Desinfektionsmittel. Den Kindern zuliebe.<\/p>\n\n\n\n<div class=\"wp-block-image\"><figure class=\"aligncenter size-full\"><img decoding=\"async\" loading=\"lazy\" width=\"600\" height=\"600\" src=\"https:\/\/luwa-dienstleistung.de\/wp-content\/uploads\/2022\/05\/IMG_9849_rezi_copper-plus_reinigungstuch-600x600-1.jpg\" alt=\"\" class=\"wp-image-265\" srcset=\"https:\/\/luwa-dienstleistung.de\/wp-content\/uploads\/2022\/05\/IMG_9849_rezi_copper-plus_reinigungstuch-600x600-1.jpg 600w, https:\/\/luwa-dienstleistung.de\/wp-content\/uploads\/2022\/05\/IMG_9849_rezi_copper-plus_reinigungstuch-600x600-1-300x300.jpg 300w, https:\/\/luwa-dienstleistung.de\/wp-content\/uploads\/2022\/05\/IMG_9849_rezi_copper-plus_reinigungstuch-600x600-1-150x150.jpg 150w, https:\/\/luwa-dienstleistung.de\/wp-content\/uploads\/2022\/05\/IMG_9849_rezi_copper-plus_reinigungstuch-600x600-1-100x100.jpg 100w\" sizes=\"(max-width: 600px) 100vw, 600px\" \/><figcaption><strong><strong>Handy Hygiene<\/strong><\/strong><\/figcaption><\/figure><\/div>\n\n\n\n<p class=\"has-text-align-center\">Handys sind voller Keime. Sicheres Benutzen durch t\u00e4gliches Reinigen mit&nbsp;Copper+.<\/p>\n\n\n\n<div class=\"wp-block-image\"><figure class=\"aligncenter size-full\"><img decoding=\"async\" loading=\"lazy\" width=\"600\" height=\"600\" src=\"https:\/\/luwa-dienstleistung.de\/wp-content\/uploads\/2022\/05\/IMG_9883_rezi_copper-plus-reinigungstuch-600x600-1.jpg\" alt=\"\" class=\"wp-image-266\" srcset=\"https:\/\/luwa-dienstleistung.de\/wp-content\/uploads\/2022\/05\/IMG_9883_rezi_copper-plus-reinigungstuch-600x600-1.jpg 600w, https:\/\/luwa-dienstleistung.de\/wp-content\/uploads\/2022\/05\/IMG_9883_rezi_copper-plus-reinigungstuch-600x600-1-300x300.jpg 300w, https:\/\/luwa-dienstleistung.de\/wp-content\/uploads\/2022\/05\/IMG_9883_rezi_copper-plus-reinigungstuch-600x600-1-150x150.jpg 150w, https:\/\/luwa-dienstleistung.de\/wp-content\/uploads\/2022\/05\/IMG_9883_rezi_copper-plus-reinigungstuch-600x600-1-100x100.jpg 100w\" sizes=\"(max-width: 600px) 100vw, 600px\" \/><figcaption><strong>K\u00fcchen Hygiene<\/strong><\/figcaption><\/figure><\/div>\n\n\n\n<p class=\"has-text-align-center\">Eine hygienisch saubere K\u00fcche mit unserem&nbsp;Copper+&nbsp;Tuch.<\/p>\n\n\n\n<div class=\"wp-block-image\"><figure class=\"aligncenter size-full\"><img decoding=\"async\" loading=\"lazy\" width=\"600\" height=\"600\" src=\"https:\/\/luwa-dienstleistung.de\/wp-content\/uploads\/2022\/05\/IMG_9944_rezi-copper-plus_gastro-hygiene_putz-tuch-600x600-1.jpg\" alt=\"\" class=\"wp-image-267\" srcset=\"https:\/\/luwa-dienstleistung.de\/wp-content\/uploads\/2022\/05\/IMG_9944_rezi-copper-plus_gastro-hygiene_putz-tuch-600x600-1.jpg 600w, https:\/\/luwa-dienstleistung.de\/wp-content\/uploads\/2022\/05\/IMG_9944_rezi-copper-plus_gastro-hygiene_putz-tuch-600x600-1-300x300.jpg 300w, https:\/\/luwa-dienstleistung.de\/wp-content\/uploads\/2022\/05\/IMG_9944_rezi-copper-plus_gastro-hygiene_putz-tuch-600x600-1-150x150.jpg 150w, https:\/\/luwa-dienstleistung.de\/wp-content\/uploads\/2022\/05\/IMG_9944_rezi-copper-plus_gastro-hygiene_putz-tuch-600x600-1-100x100.jpg 100w\" sizes=\"(max-width: 600px) 100vw, 600px\" \/><figcaption><strong>Gastro Hygiene<\/strong><\/figcaption><\/figure><\/div>\n\n\n\n<p>Tische, St\u00fchle, etc. hygienisch reinigen ohne Desinfektionsmittel. Den G\u00e4sten zuliebe.<\/p>\n\n\n\n<figure class=\"wp-block-image size-full\"><img decoding=\"async\" loading=\"lazy\" width=\"600\" height=\"600\" src=\"https:\/\/luwa-dienstleistung.de\/wp-content\/uploads\/2022\/05\/IMG_0071_rezi-copper-plus_hygiene-putz-tuch_bauty-wellness-600x600-1.jpg\" alt=\"\" class=\"wp-image-270\" srcset=\"https:\/\/luwa-dienstleistung.de\/wp-content\/uploads\/2022\/05\/IMG_0071_rezi-copper-plus_hygiene-putz-tuch_bauty-wellness-600x600-1.jpg 600w, https:\/\/luwa-dienstleistung.de\/wp-content\/uploads\/2022\/05\/IMG_0071_rezi-copper-plus_hygiene-putz-tuch_bauty-wellness-600x600-1-300x300.jpg 300w, https:\/\/luwa-dienstleistung.de\/wp-content\/uploads\/2022\/05\/IMG_0071_rezi-copper-plus_hygiene-putz-tuch_bauty-wellness-600x600-1-150x150.jpg 150w, https:\/\/luwa-dienstleistung.de\/wp-content\/uploads\/2022\/05\/IMG_0071_rezi-copper-plus_hygiene-putz-tuch_bauty-wellness-600x600-1-100x100.jpg 100w\" sizes=\"(max-width: 600px) 100vw, 600px\" \/><figcaption><strong>Kosmetik &amp; Friseur<\/strong><\/figcaption><\/figure>\n\n\n\n<p>Hygienisch Reinigen ohne Desinfektionschemie. Das Wohlf\u00fchlambiente bleibt erhalten.<\/p>\n\n\n\n<figure class=\"wp-block-image size-full\"><img decoding=\"async\" loading=\"lazy\" width=\"600\" height=\"600\" src=\"https:\/\/luwa-dienstleistung.de\/wp-content\/uploads\/2022\/05\/IMG_9553_rezi_copper-plus_hygiene-putz-tuch-600x600-1.jpg\" alt=\"\" class=\"wp-image-271\" srcset=\"https:\/\/luwa-dienstleistung.de\/wp-content\/uploads\/2022\/05\/IMG_9553_rezi_copper-plus_hygiene-putz-tuch-600x600-1.jpg 600w, https:\/\/luwa-dienstleistung.de\/wp-content\/uploads\/2022\/05\/IMG_9553_rezi_copper-plus_hygiene-putz-tuch-600x600-1-300x300.jpg 300w, https:\/\/luwa-dienstleistung.de\/wp-content\/uploads\/2022\/05\/IMG_9553_rezi_copper-plus_hygiene-putz-tuch-600x600-1-150x150.jpg 150w, https:\/\/luwa-dienstleistung.de\/wp-content\/uploads\/2022\/05\/IMG_9553_rezi_copper-plus_hygiene-putz-tuch-600x600-1-100x100.jpg 100w\" sizes=\"(max-width: 600px) 100vw, 600px\" \/><figcaption><strong>Technik reinigen ohne Chemie<\/strong><\/figcaption><\/figure>\n\n\n\n<p>Sicheres Benutzen durch t\u00e4gliches Reinigen mit&nbsp;Copper+.<\/p>\n\n\n\n<figure class=\"wp-block-image size-full\"><img decoding=\"async\" loading=\"lazy\" width=\"600\" height=\"600\" src=\"https:\/\/luwa-dienstleistung.de\/wp-content\/uploads\/2022\/05\/pflegeheim-600x600-1.jpg\" alt=\"\" class=\"wp-image-272\" srcset=\"https:\/\/luwa-dienstleistung.de\/wp-content\/uploads\/2022\/05\/pflegeheim-600x600-1.jpg 600w, https:\/\/luwa-dienstleistung.de\/wp-content\/uploads\/2022\/05\/pflegeheim-600x600-1-300x300.jpg 300w, https:\/\/luwa-dienstleistung.de\/wp-content\/uploads\/2022\/05\/pflegeheim-600x600-1-150x150.jpg 150w, https:\/\/luwa-dienstleistung.de\/wp-content\/uploads\/2022\/05\/pflegeheim-600x600-1-100x100.jpg 100w\" sizes=\"(max-width: 600px) 100vw, 600px\" \/><figcaption><strong>Pflegeeinrichtungen<\/strong><\/figcaption><\/figure>\n\n\n\n<p>T\u00e4glich genutzte Oberfl\u00e4chen hygienisch reinigen ohne Desinfektionschemie.<\/p>\n\n\n\n<figure class=\"wp-block-image size-full\"><img decoding=\"async\" loading=\"lazy\" width=\"600\" height=\"600\" src=\"https:\/\/luwa-dienstleistung.de\/wp-content\/uploads\/2022\/05\/IMG_0195_rezi_copper-plus_putz-tuch-600x600-1.jpg\" alt=\"\" class=\"wp-image-273\" srcset=\"https:\/\/luwa-dienstleistung.de\/wp-content\/uploads\/2022\/05\/IMG_0195_rezi_copper-plus_putz-tuch-600x600-1.jpg 600w, https:\/\/luwa-dienstleistung.de\/wp-content\/uploads\/2022\/05\/IMG_0195_rezi_copper-plus_putz-tuch-600x600-1-300x300.jpg 300w, https:\/\/luwa-dienstleistung.de\/wp-content\/uploads\/2022\/05\/IMG_0195_rezi_copper-plus_putz-tuch-600x600-1-150x150.jpg 150w, https:\/\/luwa-dienstleistung.de\/wp-content\/uploads\/2022\/05\/IMG_0195_rezi_copper-plus_putz-tuch-600x600-1-100x100.jpg 100w\" sizes=\"(max-width: 600px) 100vw, 600px\" \/><figcaption><strong>Fahrzeug Innenraum<\/strong><\/figcaption><\/figure>\n\n\n\n<p>Ideal f\u00fcr alle Oberfl\u00e4chen im Fahrzeug Innenraum. Einfache und sichere Hygiene f\u00fcr die Insassen.<\/p>\n\n\n\n<p class=\"has-text-align-center\"><strong>Wissenschaftlich best\u00e4tigt &amp; laborgepr\u00fcft!<\/strong><\/p>\n\n\n\n<p class=\"has-text-align-center\">Sicherheit durch hohen Wirkungsgrad. Die&nbsp;Copper+&nbsp;T\u00fccher entfernen durch einfaches, feuchtes Wischen Schmutz, Viren und Bakterien von den Oberfl\u00e4chen. Das ist laborgepr\u00fcft und mehrfach wissenschaftlich best\u00e4tigt.<\/p>\n\n\n\n<p class=\"has-text-align-center\"><strong>Tests von unabh\u00e4ngigen Pr\u00fcflabors zu den&nbsp;Copper+&nbsp;Reinigungst\u00fccher<\/strong><\/p>\n\n\n\n<p class=\"has-text-align-center\"><strong>Die antivirale und antibakterielle Wirkung der&nbsp;Copper+&nbsp;Reinigungst\u00fccher ist u.a. best\u00e4tigt von:<\/strong><\/p>\n\n\n\n<div class=\"wp-block-columns is-layout-flex wp-container-4 wp-block-columns-is-layout-flex\">\n<div class=\"wp-block-column is-layout-flow wp-block-column-is-layout-flow\" style=\"flex-basis:100%\">\n<ul><li>Eurovir Hygiene-Labor GmbH<\/li><li>Medizinischen Universit\u00e4t Innsbruck (Sektion f\u00fcr Hygiene und medizinische Mikrobiologie)<\/li><li>Application Lab Weber &amp; Leucht GmbH<\/li><li>MTC Dr. Br\u00fcnke<\/li><li>OFI Technologie und Innovation GmbH<\/li><li>Institut Hohenstein Laboratories GmbH &amp; Co. KG<\/li><\/ul>\n\n\n\n<p><\/p>\n<\/div>\n<\/div>\n\n\n\n<p class=\"has-text-align-center\"><strong>Die antivirale und antibakterielle Wirkung der&nbsp;Copper+&nbsp;Reinigungst\u00fccher wurde f\u00fcr folgende Viren und Bakterien best\u00e4tigt:<\/strong><\/p>\n\n\n\n<ul><li>Beh\u00fcllte Viren: TGEV-Coronavirus<\/li><li>Unbeh\u00fcllte Viren \/ Bakteriophagen: Escherichia phage MS2<\/li><li>Bakterien: Staphylococcus aureus, Escherichis coli, Klebsiella pneumoniae<\/li><li>Multiresistente Bakterien: Staphylococcus aureus MRSA<\/li><\/ul>\n\n\n\n<p class=\"has-text-align-center\"><strong>Die&nbsp;Copper+&nbsp;T\u00fccher sind nat\u00fcrlich zertifiziert von:<\/strong><\/p>\n\n\n\n<ul><li>Oeko-Tex<\/li><li>Dermatest<\/li><\/ul>\n\n\n\n<p><strong>Entwickelt und patentiert in \u00d6sterreich<\/strong><\/p>\n\n\n\n<div class=\"wp-block-image\"><figure class=\"alignleft size-full\"><img decoding=\"async\" loading=\"lazy\" width=\"150\" height=\"60\" src=\"https:\/\/luwa-dienstleistung.de\/wp-content\/uploads\/2022\/05\/universitaet-innsbruck-logo-cmyk-farbe-150x60-1.png\" alt=\"\" class=\"wp-image-269\"\/><\/figure><\/div>\n\n\n\n<p>Das&nbsp;Copper+&nbsp;Verfahren wurde in einer Forschungszusammenarbeit der Firma Rezi Microfaserprodukte GmbH mit der Universit\u00e4t Innsbruck (Research Institute of Textile Chemistry and Textile Physics) entwickelt und von der Firma Rezi patentiert. Das&nbsp;Copper+&nbsp;Verfahren ist eine auf Kupfer basierende Veredelung, bei der Reinigungstextilien mit feinen, nicht kratzenden Kupferpigmenten ausger\u00fcstet werden.&nbsp;Copper+&nbsp;verzichtet auf jegliche Art von Desinfektionschemie und Nanotechnologie und ist daher im Einsatz f\u00fcr Mensch und Umwelt unbedenklich.<\/p>\n\n\n\n<p>1) Nimmt beim Reinigen mit einem feuchten&nbsp;Copper+&nbsp;Tuch den Schmutz und je nach Oberfl\u00e4che \u00fcber 99,9% der Viren und Bakterien auf. Innerhalb kurzer Zeit werden \u00fcber 99,9% der aufgenommenen Viren und Bakterien im&nbsp;Copper+&nbsp;Tuch inaktiviert.<\/p>\n\n\n\n<p class=\"has-text-align-center\"><strong>Copper+&nbsp;made in Austria<\/strong><\/p>\n\n\n\n<div class=\"wp-block-image\"><figure class=\"aligncenter size-full\"><img decoding=\"async\" loading=\"lazy\" width=\"150\" height=\"68\" src=\"https:\/\/luwa-dienstleistung.de\/wp-content\/uploads\/2022\/05\/logo-klein.png\" alt=\"\" class=\"wp-image-274\"\/><\/figure><\/div>\n\n\n\n<p><strong>Am Firmensitz in Lustenau werden Kupferprodukte, Reinigungst\u00fccher, M\u00f6ppe und Reinigungsschw\u00e4mme \u201eMade in Austria\u201c hergestellt.<\/strong><\/p>\n\n\n\n<p>Mit ihrem umfgangreichen Produktportfolio aus Reinigungsprodukten sowie erg\u00e4nzendem Zubeh\u00f6r bedient die Firma REZI verschiedene M\u00e4rkte und deckt unterschiedlichste Bed\u00fcrfnisse und Anforderungen passgenau ab. Die Produkte sind aus Microfasern, Naturfasern, Schw\u00e4mmen, Kupfer, Edelstahl oder Stahl gefertigt und ideal abgestimmt auf den jeweiligen Anwendungsbereich.<\/p>\n\n\n\n<p>Das Produktportfolio ist ausgerichtet nach den Qualit\u00e4tsstufen Profi, Premium und Basic . Dadurch sind die L\u00f6sungen der Firma REZI ideal auf die unterschiedlichen Anforderungen und Anwendungsbereiche abgestimmt.<\/p>\n\n\n\n<p>Bestellung und Preisanfragen unter:<\/p>\n\n\n\n<p>E-mail:\u00a0\u00a0<a href=\"mailto:info@luwa-dienstleistungen.de\">info@luwa-dienstleistung.de<\/a><\/p>\n","protected":false},"excerpt":{"rendered":"<p>Copper+&nbsp;Microfaser-Reinigungsprodukte entfernen Schmutz aber auch Viren und Bakterien. Reinigt und desinfiziert (1) Superkraft durch&nbsp;Kupfer Von renommierten Labors gepr\u00fcft und best\u00e4tigt Ohne Desinfektionschemie \u2013 dem Mensch und der Umwelt zuliebe Kostensparend und einfach In \u00d6sterreich entwickelt und hergestellt Die&nbsp;Copper+&nbsp;Reinigungst\u00fccher von Rezi wirken durch die Kupferpigmente&nbsp;antiviral und antibakteriell&nbsp;ohne Zusatz von Desinfektionsmittel. 100% WASSER Durch einfaches, feuchtes Wischen &hellip; <\/p>\n<p class=\"link-more\"><a href=\"https:\/\/luwa-dienstleistung.de\/?page_id=257\" class=\"more-link\"><span class=\"screen-reader-text\">\u201e! Neu bei uns Erh\u00e4ltlich !\u201c<\/span> weiterlesen<\/a><\/p>\n","protected":false},"author":1,"featured_media":0,"parent":0,"menu_order":0,"comment_status":"closed","ping_status":"closed","template":"","meta":{"_mi_skip_tracking":false,"_exactmetrics_sitenote_active":false,"_exactmetrics_sitenote_note":"","_exactmetrics_sitenote_category":0,"footnotes":""},"_links":{"self":[{"href":"https:\/\/luwa-dienstleistung.de\/index.php?rest_route=\/wp\/v2\/pages\/257"}],"collection":[{"href":"https:\/\/luwa-dienstleistung.de\/index.php?rest_route=\/wp\/v2\/pages"}],"about":[{"href":"https:\/\/luwa-dienstleistung.de\/index.php?rest_route=\/wp\/v2\/types\/page"}],"author":[{"embeddable":true,"href":"https:\/\/luwa-dienstleistung.de\/index.php?rest_route=\/wp\/v2\/users\/1"}],"replies":[{"embeddable":true,"href":"https:\/\/luwa-dienstleistung.de\/index.php?rest_route=%2Fwp%2Fv2%2Fcomments&post=257"}],"version-history":[{"count":8,"href":"https:\/\/luwa-dienstleistung.de\/index.php?rest_route=\/wp\/v2\/pages\/257\/revisions"}],"predecessor-version":[{"id":281,"href":"https:\/\/luwa-dienstleistung.de\/index.php?rest_route=\/wp\/v2\/pages\/257\/revisions\/281"}],"wp:attachment":[{"href":"https:\/\/luwa-dienstleistung.de\/index.php?rest_route=%2Fwp%2Fv2%2Fmedia&parent=257"}],"curies":[{"name":"wp","href":"https:\/\/api.w.org\/{rel}","templated":true}]}}