{"id":42,"date":"2018-04-05T15:41:04","date_gmt":"2018-04-05T13:41:04","guid":{"rendered":"http:\/\/luwa-dienstleistung.de\/?page_id=42"},"modified":"2018-11-09T13:48:00","modified_gmt":"2018-11-09T12:48:00","slug":"home","status":"publish","type":"page","link":"https:\/\/luwa-dienstleistung.de\/?page_id=42","title":{"rendered":"WIR F\u00dcR SIE"},"content":{"rendered":"<h1><strong>Herzlich Willkommen<\/strong><\/h1>\n<h4>Sie ben\u00f6tigen Hilfe im Haushalt oder suchen eine zuverl\u00e4ssige Reinigungskraft ?<\/h4>\n<h5>Wir sind f\u00fcr sie da !<\/h5>\n<p>20-30 Km im umkreis von B\u00f6blingen<\/p>\n<div class=\"mceTemp\"><\/div>\n<div id='gallery-1' class='gallery galleryid-42 gallery-columns-3 gallery-size-thumbnail'><figure class='gallery-item'>\n\t\t\t<div class='gallery-icon landscape'>\n\t\t\t\t<a href='https:\/\/luwa-dienstleistung.de\/?attachment_id=173'><img width=\"150\" height=\"150\" src=\"https:\/\/luwa-dienstleistung.de\/wp-content\/uploads\/2018\/11\/53684177_s-150x150.jpg\" class=\"attachment-thumbnail size-thumbnail\" alt=\"Ihre Haushaltshilfe arbeitet sehr selbst\u00e4ndig, sorgt f\u00fcr hohe zeitliche Entlastung, arbeitet zuverl\u00e4ssig und mit Blick f\u00fcrs Detail.\" decoding=\"async\" aria-describedby=\"gallery-1-173\" loading=\"lazy\" srcset=\"https:\/\/luwa-dienstleistung.de\/wp-content\/uploads\/2018\/11\/53684177_s-150x150.jpg 150w, https:\/\/luwa-dienstleistung.de\/wp-content\/uploads\/2018\/11\/53684177_s-100x100.jpg 100w\" sizes=\"100vw\" \/><\/a>\n\t\t\t<\/div>\n\t\t\t\t<figcaption class='wp-caption-text gallery-caption' id='gallery-1-173'>\n\t\t\t\tF\u00dcR BERUFST\u00c4TIGE\n\t\t\t\t<\/figcaption><\/figure><figure class='gallery-item'>\n\t\t\t<div class='gallery-icon landscape'>\n\t\t\t\t<a href='https:\/\/luwa-dienstleistung.de\/?attachment_id=172'><img width=\"150\" height=\"150\" src=\"https:\/\/luwa-dienstleistung.de\/wp-content\/uploads\/2018\/11\/37790828_s-150x150.jpg\" class=\"attachment-thumbnail size-thumbnail\" alt=\"\" decoding=\"async\" aria-describedby=\"gallery-1-172\" loading=\"lazy\" srcset=\"https:\/\/luwa-dienstleistung.de\/wp-content\/uploads\/2018\/11\/37790828_s-150x150.jpg 150w, https:\/\/luwa-dienstleistung.de\/wp-content\/uploads\/2018\/11\/37790828_s-100x100.jpg 100w\" sizes=\"100vw\" \/><\/a>\n\t\t\t<\/div>\n\t\t\t\t<figcaption class='wp-caption-text gallery-caption' id='gallery-1-172'>\n\t\t\t\tF\u00dcR SENIOREN\n\t\t\t\t<\/figcaption><\/figure><figure class='gallery-item'>\n\t\t\t<div class='gallery-icon landscape'>\n\t\t\t\t<a href='https:\/\/luwa-dienstleistung.de\/?attachment_id=158'><img width=\"150\" height=\"150\" src=\"https:\/\/luwa-dienstleistung.de\/wp-content\/uploads\/2018\/11\/39805380_s-150x150.jpg\" class=\"attachment-thumbnail size-thumbnail\" alt=\"\" decoding=\"async\" aria-describedby=\"gallery-1-158\" loading=\"lazy\" sizes=\"100vw\" \/><\/a>\n\t\t\t<\/div>\n\t\t\t\t<figcaption class='wp-caption-text gallery-caption' id='gallery-1-158'>\n\t\t\t\tF\u00dcR FAMILIEN\n\t\t\t\t<\/figcaption><\/figure>\n\t\t<\/div>\n\n","protected":false},"excerpt":{"rendered":"<p>Herzlich Willkommen Sie ben\u00f6tigen Hilfe im Haushalt oder suchen eine zuverl\u00e4ssige Reinigungskraft ? Wir sind f\u00fcr sie da ! 20-30 Km im umkreis von B\u00f6blingen<\/p>\n","protected":false},"author":1,"featured_media":0,"parent":0,"menu_order":0,"comment_status":"closed","ping_status":"closed","template":"","meta":{"_mi_skip_tracking":false,"_exactmetrics_sitenote_active":false,"_exactmetrics_sitenote_note":"","_exactmetrics_sitenote_category":0,"footnotes":""},"_links":{"self":[{"href":"https:\/\/luwa-dienstleistung.de\/index.php?rest_route=\/wp\/v2\/pages\/42"}],"collection":[{"href":"https:\/\/luwa-dienstleistung.de\/index.php?rest_route=\/wp\/v2\/pages"}],"about":[{"href":"https:\/\/luwa-dienstleistung.de\/index.php?rest_route=\/wp\/v2\/types\/page"}],"author":[{"embeddable":true,"href":"https:\/\/luwa-dienstleistung.de\/index.php?rest_route=\/wp\/v2\/users\/1"}],"replies":[{"embeddable":true,"href":"https:\/\/luwa-dienstleistung.de\/index.php?rest_route=%2Fwp%2Fv2%2Fcomments&post=42"}],"version-history":[{"count":11,"href":"https:\/\/luwa-dienstleistung.de\/index.php?rest_route=\/wp\/v2\/pages\/42\/revisions"}],"predecessor-version":[{"id":233,"href":"https:\/\/luwa-dienstleistung.de\/index.php?rest_route=\/wp\/v2\/pages\/42\/revisions\/233"}],"wp:attachment":[{"href":"https:\/\/luwa-dienstleistung.de\/index.php?rest_route=%2Fwp%2Fv2%2Fmedia&parent=42"}],"curies":[{"name":"wp","href":"https:\/\/api.w.org\/{rel}","templated":true}]}}