{"id":51,"date":"2018-04-05T15:41:47","date_gmt":"2018-04-05T13:41:47","guid":{"rendered":"http:\/\/luwa-dienstleistung.de\/?page_id=51"},"modified":"2018-11-09T13:51:37","modified_gmt":"2018-11-09T12:51:37","slug":"ueber-uns","status":"publish","type":"page","link":"https:\/\/luwa-dienstleistung.de\/?page_id=51","title":{"rendered":"\u00dcBER UNS"},"content":{"rendered":"<div class=\"xr_s6\"><\/div>\n<div>\n<h1><strong>UNSERE KOMPETENZ<\/strong><\/h1>\n<h3><strong>Unter Kompetenz verstehen wir:<\/strong><\/h3>\n<p><img decoding=\"async\" loading=\"lazy\" class=\"alignright wp-image-180 size-medium\" src=\"https:\/\/luwa-dienstleistung.de\/wp-content\/uploads\/2018\/11\/48765928_s-300x200.jpg\" alt=\"\" width=\"300\" height=\"200\" srcset=\"https:\/\/luwa-dienstleistung.de\/wp-content\/uploads\/2018\/11\/48765928_s-300x200.jpg 300w, https:\/\/luwa-dienstleistung.de\/wp-content\/uploads\/2018\/11\/48765928_s-768x512.jpg 768w, https:\/\/luwa-dienstleistung.de\/wp-content\/uploads\/2018\/11\/48765928_s.jpg 848w\" sizes=\"(max-width: 300px) 100vw, 300px\" \/><\/p>\n<\/div>\n<div class=\"xr_s6\">\n<div class=\"wpb_column vc_column_container vc_col-sm-8\">\n<div class=\"vc_column-inner \">\n<div class=\"wpb_wrapper\">\n<div class=\"wpb_text_column wpb_content_element \">\n<div class=\"wpb_wrapper\">\n<ul>\n<li>ein Leistungsangebot mittels unserer Haushaltshilfen zu bieten, bei bei dem Sie sagen, da\u00df dies Ihnen die erhoffte Unterst\u00fctzung bietet<\/li>\n<li>Qualit\u00e4t unserer Arbeit mit Beratung, verst\u00e4ndlichen Unterlagen mit eindeutigen Preisen und Regelung aller Punkte von gemeinsamem Interesse, aber auch Qualit\u00e4t der Tagesarbeit<\/li>\n<li>Sicherheit und Zuverl\u00e4ssigkeit, d.h. da\u00df Sie sich auf die Einhaltung unserer Versprechen verlassen k\u00f6nnen<\/li>\n<li>einen guten Kundenservice zu bieten, der stets kurzfristig Antworten auf Ihre Fragen gibt, Anregungen pr\u00fcft und bestrebt ist, die Arbeit mit Ihnen als Kunden weiter zu optimieren<\/li>\n<li>Mitarbeitern ein attraktiver Arbeitgeber zu sein, diese stets zu guter Leistung zu motivieren und weiterzuentwickeln<\/li>\n<\/ul>\n<ul>\n<li>die fortlaufende Besch\u00e4ftigung mit dem Thema Kundenzufriedenheit, als Ergebnis von Kundengewinnung und \u2013bindung<\/li>\n<\/ul>\n<p>&nbsp;<\/p>\n<p>Ziel unserer Arbeit ist somit, das wir Sie auf Dauer davon \u00fcberzeugen, das wir der ideale Partner f\u00fcr Unterst\u00fctzung im Haushalt sind.<\/p>\n<h1><strong>UNSERE VERSPRECHEN\u00a0<\/strong><\/h1>\n<h1><strong><img decoding=\"async\" loading=\"lazy\" class=\"alignright size-medium wp-image-20\" src=\"https:\/\/luwa-dienstleistung.de\/wp-content\/uploads\/2018\/04\/image-13-300x169-300x169.jpg\" alt=\"\" width=\"300\" height=\"169\" \/><\/strong><\/h1>\n<p>&nbsp;<\/p>\n<\/div>\n<\/div>\n<\/div>\n<\/div>\n<\/div>\n<div class=\"wpb_column vc_column_container vc_col-sm-4\">\n<div class=\"vc_column-inner \">\n<div class=\"wpb_wrapper\">\n<div class=\"wpb_single_image wpb_content_element vc_align_left\">\n<div class=\"wpb_text_column wpb_content_element \">\n<div class=\"wpb_wrapper\">\n<ul>\n<li>Hohe Sicherheit f\u00fcr Sie durch Leistungsvereinbarung<\/li>\n<li>Ausreichender Versicherungsschutz bei\u00a0 Personen- \/Sachsch\u00e4den<\/li>\n<li>Sorgf\u00e4ltige Auswahl unserer Mitarbeiter<\/li>\n<li>Alle unsere Mitarbeiter sind fest angestellt und Sozial versichert\u00a0sprechen flie\u00dfend deutsch und werden fortlaufend geschult<\/li>\n<li>Feste Einsatztage und -Termine<\/li>\n<\/ul>\n<\/div>\n<\/div>\n<div class=\"separator transparent \"><\/div>\n<div class=\"wpb_text_column wpb_content_element \">\n<div class=\"wpb_wrapper\">\n<p>Im folgenden erl\u00e4utern wir Ihnen Wichtiges zur Haushaltshilfe.<\/p>\n<div class=\"wpb_text_column wpb_content_element \">\n<div class=\"wpb_wrapper\"><\/div>\n<\/div>\n<div class=\"wpb_text_column wpb_content_element \">\n<div class=\"wpb_wrapper\" style=\"text-align: left;\">\n<h1 style=\"text-align: left;\"><strong>DIE HAUSHALTSHILFE<img decoding=\"async\" loading=\"lazy\" class=\"alignright size-medium wp-image-182\" src=\"https:\/\/luwa-dienstleistung.de\/wp-content\/uploads\/2018\/11\/35169852_s-300x248.jpg\" alt=\"\" width=\"300\" height=\"248\" srcset=\"https:\/\/luwa-dienstleistung.de\/wp-content\/uploads\/2018\/11\/35169852_s-300x248.jpg 300w, https:\/\/luwa-dienstleistung.de\/wp-content\/uploads\/2018\/11\/35169852_s.jpg 761w\" sizes=\"(max-width: 300px) 100vw, 300px\" \/><\/strong><\/h1>\n<p>Unsere Haushaltshilfen sind erfahren und geschult in Hausarbeit. Wir organisieren, bevor wir die Arbeit beginnen, d.h. wir besch\u00e4ftigen uns mit der Reihenfolge der Abarbeitung der Aufgaben. Bei der Reinigung arbeiten wir gr\u00fcndlich und trotzdem z\u00fcgig. Bei der Bearbeitung von W\u00e4sche haben wir vielleicht noch interessante Anregungen zum Thema Zeitgewinn. \u00dcber m\u00f6gliche Zeiteinsparung\u00a0beim Thema Kochen und Einkauf sprechen wir gern mit Ihnen.<\/p>\n<\/div>\n<div><\/div>\n<div class=\"wpb_wrapper\">\n<h1>Was alle unsere Haushaltshilfen haben bzw. mitbringen:<\/h1>\n<div class=\"wpb_column vc_column_container vc_col-sm-8\">\n<div class=\"vc_column-inner \">\n<div class=\"wpb_wrapper\">\n<div class=\"wpb_text_column wpb_content_element \">\n<div class=\"wpb_wrapper\">\n<ul>\n<li>ein einwandfreies erweitertes F\u00fchrungszeugnis<\/li>\n<li>Ersthelferkurs<\/li>\n<li>gute Kochkenntnisse<\/li>\n<li>gute F\u00e4higkeiten auf dem Gebiet der Haushaltsorganisation\/-f\u00fchrung<\/li>\n<li>ein sympathisches Auftreten und eine hohe Motivation<\/li>\n<\/ul>\n<\/div>\n<\/div>\n<\/div>\n<\/div>\n<\/div>\n<div class=\"wpb_column vc_column_container vc_col-sm-4\">\n<div class=\"vc_column-inner \">\n<div class=\"wpb_wrapper\">\n<div class=\"wpb_single_image wpb_content_element vc_align_left\"><\/div>\n<\/div>\n<\/div>\n<\/div>\n<\/div>\n<\/div>\n<\/div>\n<\/div>\n<\/div>\n<\/div>\n<\/div>\n<\/div>\n<\/div>\n","protected":false},"excerpt":{"rendered":"<p>UNSERE KOMPETENZ Unter Kompetenz verstehen wir: ein Leistungsangebot mittels unserer Haushaltshilfen zu bieten, bei bei dem Sie sagen, da\u00df dies Ihnen die erhoffte Unterst\u00fctzung bietet Qualit\u00e4t unserer Arbeit mit Beratung, verst\u00e4ndlichen Unterlagen mit eindeutigen Preisen und Regelung aller Punkte von gemeinsamem Interesse, aber auch Qualit\u00e4t der Tagesarbeit Sicherheit und Zuverl\u00e4ssigkeit, d.h. da\u00df Sie sich auf &hellip; <\/p>\n<p class=\"link-more\"><a href=\"https:\/\/luwa-dienstleistung.de\/?page_id=51\" class=\"more-link\"><span class=\"screen-reader-text\">\u201e\u00dcBER UNS\u201c<\/span> weiterlesen<\/a><\/p>\n","protected":false},"author":1,"featured_media":0,"parent":0,"menu_order":0,"comment_status":"closed","ping_status":"closed","template":"","meta":{"_mi_skip_tracking":false,"_exactmetrics_sitenote_active":false,"_exactmetrics_sitenote_note":"","_exactmetrics_sitenote_category":0,"footnotes":""},"_links":{"self":[{"href":"https:\/\/luwa-dienstleistung.de\/index.php?rest_route=\/wp\/v2\/pages\/51"}],"collection":[{"href":"https:\/\/luwa-dienstleistung.de\/index.php?rest_route=\/wp\/v2\/pages"}],"about":[{"href":"https:\/\/luwa-dienstleistung.de\/index.php?rest_route=\/wp\/v2\/types\/page"}],"author":[{"embeddable":true,"href":"https:\/\/luwa-dienstleistung.de\/index.php?rest_route=\/wp\/v2\/users\/1"}],"replies":[{"embeddable":true,"href":"https:\/\/luwa-dienstleistung.de\/index.php?rest_route=%2Fwp%2Fv2%2Fcomments&post=51"}],"version-history":[{"count":7,"href":"https:\/\/luwa-dienstleistung.de\/index.php?rest_route=\/wp\/v2\/pages\/51\/revisions"}],"predecessor-version":[{"id":232,"href":"https:\/\/luwa-dienstleistung.de\/index.php?rest_route=\/wp\/v2\/pages\/51\/revisions\/232"}],"wp:attachment":[{"href":"https:\/\/luwa-dienstleistung.de\/index.php?rest_route=%2Fwp%2Fv2%2Fmedia&parent=51"}],"curies":[{"name":"wp","href":"https:\/\/api.w.org\/{rel}","templated":true}]}}