{"id":55,"date":"2018-04-05T15:40:50","date_gmt":"2018-04-05T13:40:50","guid":{"rendered":"http:\/\/luwa-dienstleistung.de\/?page_id=55"},"modified":"2018-11-09T13:46:53","modified_gmt":"2018-11-09T12:46:53","slug":"dienstleistungen","status":"publish","type":"page","link":"https:\/\/luwa-dienstleistung.de\/?page_id=55","title":{"rendered":"LEISTUNGEN"},"content":{"rendered":"<h2><strong>ERSTKONTAKT UND GESPR\u00c4CH BEI IHNEN ZU HAUSE<\/strong><\/h2>\n<p><img decoding=\"async\" loading=\"lazy\" class=\"alignright size-medium wp-image-177\" src=\"https:\/\/luwa-dienstleistung.de\/wp-content\/uploads\/2018\/11\/24984361_s-300x199.jpg\" alt=\"\" width=\"300\" height=\"199\" srcset=\"https:\/\/luwa-dienstleistung.de\/wp-content\/uploads\/2018\/11\/24984361_s-300x199.jpg 300w, https:\/\/luwa-dienstleistung.de\/wp-content\/uploads\/2018\/11\/24984361_s-768x510.jpg 768w, https:\/\/luwa-dienstleistung.de\/wp-content\/uploads\/2018\/11\/24984361_s.jpg 849w\" sizes=\"(max-width: 300px) 100vw, 300px\" \/><\/p>\n<div class=\"wpb_column vc_column_container vc_col-sm-8\">\n<div class=\"vc_column-inner \">\n<div class=\"wpb_wrapper\">\n<div class=\"wpb_text_column wpb_content_element \">\n<div class=\"wpb_wrapper\">\n<p>Wenn Sie uns kontaktieren, beantworten wir Ihre Fragen und k\u00f6nnen Ihnen anhand Ihrer Postleitzahl sagen, ob wir evtl per sofort eine Unterst\u00fctzung f\u00fcr Sie haben. Wir bieten Ihnen stets ein unverbindliches und kostenfreies Beratungsgespr\u00e4ch<\/p>\n<p>bei Ihnen zu Hause an, bei dem wir Ihnen alles Wissenswerte zu Preisen, unseren Leistungen und unserem Service mitteilen.<\/p>\n<p>Wir versuchen, Ihren W\u00fcnschen bzgl. Einsatztagen\/-uhrzeiten zu entsprechen und gleichzeitig mit so wenig wie m\u00f6glich Einsatzstunden eine optimale Unterst\u00fctzung zu bieten.<\/p>\n<p>Bei gro\u00dfen Wohnfl\u00e4chen ist auch ein zeitgleicher Einsatz von 2 Mitarbeitern m\u00f6glich, wodurch z.B. ein ansonsten 4 Stunden dauernder Einsatz bereits nach 2 Std. erledigt ist, wodurch Sie unter Umst\u00e4nden Zeit f\u00fcr Erledigungen gewinnen.<\/p>\n<\/div>\n<\/div>\n<\/div>\n<\/div>\n<\/div>\n<div class=\"wpb_column vc_column_container vc_col-sm-4\">\n<div class=\"vc_column-inner \">\n<div class=\"wpb_wrapper\">\n<div class=\"separator transparent \"><\/div>\n<div class=\"wpb_single_image wpb_content_element vc_align_left element_from_right element_from_right_on\">\n<div><\/div>\n<\/div>\n<\/div>\n<\/div>\n<\/div>\n","protected":false},"excerpt":{"rendered":"<p>ERSTKONTAKT UND GESPR\u00c4CH BEI IHNEN ZU HAUSE Wenn Sie uns kontaktieren, beantworten wir Ihre Fragen und k\u00f6nnen Ihnen anhand Ihrer Postleitzahl sagen, ob wir evtl per sofort eine Unterst\u00fctzung f\u00fcr Sie haben. Wir bieten Ihnen stets ein unverbindliches und kostenfreies Beratungsgespr\u00e4ch bei Ihnen zu Hause an, bei dem wir Ihnen alles Wissenswerte zu Preisen, unseren &hellip; <\/p>\n<p class=\"link-more\"><a href=\"https:\/\/luwa-dienstleistung.de\/?page_id=55\" class=\"more-link\"><span class=\"screen-reader-text\">\u201eLEISTUNGEN\u201c<\/span> weiterlesen<\/a><\/p>\n","protected":false},"author":1,"featured_media":0,"parent":0,"menu_order":0,"comment_status":"closed","ping_status":"closed","template":"","meta":{"_mi_skip_tracking":false,"_exactmetrics_sitenote_active":false,"_exactmetrics_sitenote_note":"","_exactmetrics_sitenote_category":0,"footnotes":""},"_links":{"self":[{"href":"https:\/\/luwa-dienstleistung.de\/index.php?rest_route=\/wp\/v2\/pages\/55"}],"collection":[{"href":"https:\/\/luwa-dienstleistung.de\/index.php?rest_route=\/wp\/v2\/pages"}],"about":[{"href":"https:\/\/luwa-dienstleistung.de\/index.php?rest_route=\/wp\/v2\/types\/page"}],"author":[{"embeddable":true,"href":"https:\/\/luwa-dienstleistung.de\/index.php?rest_route=\/wp\/v2\/users\/1"}],"replies":[{"embeddable":true,"href":"https:\/\/luwa-dienstleistung.de\/index.php?rest_route=%2Fwp%2Fv2%2Fcomments&post=55"}],"version-history":[{"count":10,"href":"https:\/\/luwa-dienstleistung.de\/index.php?rest_route=\/wp\/v2\/pages\/55\/revisions"}],"predecessor-version":[{"id":230,"href":"https:\/\/luwa-dienstleistung.de\/index.php?rest_route=\/wp\/v2\/pages\/55\/revisions\/230"}],"wp:attachment":[{"href":"https:\/\/luwa-dienstleistung.de\/index.php?rest_route=%2Fwp%2Fv2%2Fmedia&parent=55"}],"curies":[{"name":"wp","href":"https:\/\/api.w.org\/{rel}","templated":true}]}}